{"id":1492,"date":"2020-01-17T10:25:40","date_gmt":"2020-01-17T10:25:40","guid":{"rendered":"https:\/\/webonaamborden.nl\/der-spezialist-fuer-holzschilder\/"},"modified":"2025-12-19T08:53:01","modified_gmt":"2025-12-19T08:53:01","slug":"der-spezialist-fuer-holzschilder","status":"publish","type":"page","link":"https:\/\/webonaamborden.nl\/de\/","title":{"rendered":"Der Spezialist f\u00fcr Holzschilder"},"content":{"rendered":"<p><strong>Bei WeBo Nameplates sind Sie an der richtigen Stelle, um ein einzigartiges und traditionelles Holzschild f\u00fcr Ihr Schiff, Ihre Yacht oder Ihr Zuhause zu erhalten. Mit langj\u00e4hriger Erfahrung ist WeBo der Spezialist f\u00fcr die Herstellung von h\u00f6lzernen Namensschildern. Das WeBo-Team arbeitet mit gro\u00dfer Begeisterung an einem Schmuckst\u00fcck, das Sie f\u00fcr Ihr Schiff, Ihre Yacht oder Ihr Zuhause angefordert haben.<\/strong><\/p>\n<h3><strong>Artisan handcraft Holzschilder<br \/>\n<\/strong><\/h3>\n<p id=\"tw-target-text\" class=\"tw-data-text tw-text-large tw-ta\" dir=\"ltr\" data-placeholder=\"Vertaling\"><span lang=\"de\">Ein traditionelles h\u00f6lzernes Typenschild ist ein &#8222;Schmuckst\u00fcck&#8220; f\u00fcr Ihr Schiff, Ihre Yacht oder Ihr Zuhause. Ein Typenschild zu machen ist traditionelle Arbeit. Unser professionelles Team arbeitet mit gro\u00dfer Pr\u00e4zision daran, das Typenschild so sch\u00f6n und vollst\u00e4ndig wie m\u00f6glich zu bearbeiten, so dass es ganz den W\u00fcnschen des Kunden entspricht. <\/span><\/p>\n<p class=\"tw-data-text tw-text-large tw-ta\" dir=\"ltr\" data-placeholder=\"Vertaling\"><span lang=\"de\">Sie k\u00f6nnen aus verschiedenen Holzarten w\u00e4hlen, von denen Teak, Mahagoni und Eiche die am h\u00e4ufigsten verwendeten Holzarten sind. <\/span><span lang=\"de\">Dar\u00fcber hinaus k\u00f6nnen Sie die Platte selbst oder mit einem 2-Komponenten-Lack, Satinglanz oder Hochglanz fertigstellen. <\/span><\/p>\n<p class=\"tw-data-text tw-text-large tw-ta\" dir=\"ltr\" data-placeholder=\"Vertaling\"><span lang=\"de\">Dar\u00fcber hinaus stehen viele Schriftarten und Farben zur Auswahl, und wir k\u00f6nnen das Board mit oder ohne Befestigungsl\u00f6cher liefern. <\/span><span lang=\"de\">Kurz gesagt, viele Optionen sind m\u00f6glich. <\/span><\/p>\n<p class=\"tw-data-text tw-text-large tw-ta\" dir=\"ltr\" data-placeholder=\"Vertaling\"><span lang=\"de\">Schauen Sie sich unsere Website an und <a href=\"https:\/\/webonaamborden.nl\/de\/kontakt\/\">kontaktieren<\/a> Sie uns bei Fragen!<\/span><\/p>\n<div class=\"gallery_items\"><\/div>\n<div class=\"gallery_items\">\n<figure><a href=\"https:\/\/webonaamborden.nl\/wp-content\/uploads\/2019\/08\/naambord11.jpg\"><img decoding=\"async\" class=\"photo alignnone\" src=\"https:\/\/webonaamborden.nl\/wp-content\/uploads\/2019\/08\/naambord11.jpg\" srcset=\"https:\/\/webonaamborden.nl\/wp-content\/uploads\/2019\/08\/naambord11.jpg 1x\" alt=\"Holzschilder\" \/><\/a><\/figure>\n<\/div>\n<h3><strong>Yacht und Scheepstimmerbedrijf Schrier<\/strong><\/h3>\n<p>Besuchen Sie auch unsere Website von Jacht- en Scheepstimmerbedrijf Schrier. Wir sind seit \u00fcber 50 Jahren auf das Einsteigen in Berufs- und Sportschiffe spezialisiert. <a href=\"https:\/\/www.scheepstimmerbedrijfschrier.nl\/\">Klicken Sie hier f\u00fcr Fotos und weitere Informationen.<\/a><\/p>\n<div class=\"gallery_items\"><\/div>\n<div>-Holzschilder-<\/div>\n<p>&nbsp;<\/p>\n","protected":false},"excerpt":{"rendered":"<p>Bei WeBo Nameplates sind Sie an der richtigen Stelle, um ein einzigartiges und traditionelles Holzschild f\u00fcr Ihr Schiff, Ihre Yacht oder Ihr Zuhause zu erhalten. Mit langj\u00e4hriger Erfahrung ist WeBo der Spezialist f\u00fcr die Herstellung von h\u00f6lzernen Namensschildern. Das WeBo-Team arbeitet mit gro\u00dfer Begeisterung an einem Schmuckst\u00fcck, das Sie f\u00fcr Ihr Schiff, Ihre Yacht oder [&hellip;]<\/p>\n","protected":false},"author":2,"featured_media":0,"parent":0,"menu_order":0,"comment_status":"closed","ping_status":"closed","template":"","meta":{"footnotes":""},"class_list":["post-1492","page","type-page","status-publish","hentry"],"yoast_head":"<!-- This site is optimized with the Yoast SEO plugin v26.6 - https:\/\/yoast.com\/wordpress\/plugins\/seo\/ -->\n<title>Gravur von Holzschildern und Fassadenschildern - WeBo ist der Spezialist!<\/title>\n<meta name=\"description\" content=\"Traditionelle h\u00f6lzerne Fassadenschilder f\u00fcr Ihr Schiff, Ihre Yacht oder Ihr Zuhause. Gravur in Teak, Mahagoni oder Eiche mit schwarzen, wei\u00dfen oder goldenen Buchstaben. Auch zur Renovierung\" \/>\n<meta name=\"robots\" content=\"index, follow, max-snippet:-1, max-image-preview:large, max-video-preview:-1\" \/>\n<link rel=\"canonical\" href=\"https:\/\/webonaamborden.nl\/\" \/>\n<meta property=\"og:locale\" content=\"de_DE\" \/>\n<meta property=\"og:type\" content=\"article\" \/>\n<meta property=\"og:title\" content=\"Holzschilder und Fassadenschilder\" \/>\n<meta property=\"og:description\" content=\"WeBo in Den Oever, der Spezialist!\" \/>\n<meta property=\"og:url\" content=\"https:\/\/webonaamborden.nl\/\" \/>\n<meta property=\"og:site_name\" content=\"Webo Naamborden\" \/>\n<meta property=\"article:modified_time\" content=\"2025-12-19T08:53:01+00:00\" \/>\n<meta property=\"og:image\" content=\"https:\/\/webonaamborden.nl\/wp-content\/uploads\/2019\/02\/Webo-etalage-scaled.jpg\" \/>\n\t<meta property=\"og:image:width\" content=\"2560\" \/>\n\t<meta property=\"og:image:height\" content=\"2031\" \/>\n\t<meta property=\"og:image:type\" content=\"image\/jpeg\" \/>\n<meta name=\"twitter:card\" content=\"summary_large_image\" \/>\n<meta name=\"twitter:label1\" content=\"Gesch\u00e4tzte Lesezeit\" \/>\n\t<meta name=\"twitter:data1\" content=\"1\u00a0Minute\" \/>\n<script type=\"application\/ld+json\" class=\"yoast-schema-graph\">{\"@context\":\"https:\/\/schema.org\",\"@graph\":[{\"@type\":\"WebPage\",\"@id\":\"https:\/\/webonaamborden.nl\/\",\"url\":\"https:\/\/webonaamborden.nl\/\",\"name\":\"Gravur von Holzschildern und Fassadenschildern - WeBo ist der Spezialist!\",\"isPartOf\":{\"@id\":\"https:\/\/webonaamborden.nl\/#website\"},\"primaryImageOfPage\":{\"@id\":\"https:\/\/webonaamborden.nl\/#primaryimage\"},\"image\":{\"@id\":\"https:\/\/webonaamborden.nl\/#primaryimage\"},\"thumbnailUrl\":\"https:\/\/webonaamborden.nl\/wp-content\/uploads\/2019\/08\/naambord11.jpg\",\"datePublished\":\"2020-01-17T10:25:40+00:00\",\"dateModified\":\"2025-12-19T08:53:01+00:00\",\"description\":\"Traditionelle h\u00f6lzerne Fassadenschilder f\u00fcr Ihr Schiff, Ihre Yacht oder Ihr Zuhause. Gravur in Teak, Mahagoni oder Eiche mit schwarzen, wei\u00dfen oder goldenen Buchstaben. Auch zur Renovierung\",\"breadcrumb\":{\"@id\":\"https:\/\/webonaamborden.nl\/#breadcrumb\"},\"inLanguage\":\"de\",\"potentialAction\":[{\"@type\":\"ReadAction\",\"target\":[\"https:\/\/webonaamborden.nl\/\"]}]},{\"@type\":\"ImageObject\",\"inLanguage\":\"de\",\"@id\":\"https:\/\/webonaamborden.nl\/#primaryimage\",\"url\":\"https:\/\/webonaamborden.nl\/wp-content\/uploads\/2019\/08\/naambord11.jpg\",\"contentUrl\":\"https:\/\/webonaamborden.nl\/wp-content\/uploads\/2019\/08\/naambord11.jpg\"},{\"@type\":\"BreadcrumbList\",\"@id\":\"https:\/\/webonaamborden.nl\/#breadcrumb\",\"itemListElement\":[{\"@type\":\"ListItem\",\"position\":1,\"name\":\"Home\",\"item\":\"https:\/\/webonaamborden.nl\/\"},{\"@type\":\"ListItem\",\"position\":2,\"name\":\"Der Spezialist f\u00fcr Holzschilder\"}]},{\"@type\":\"WebSite\",\"@id\":\"https:\/\/webonaamborden.nl\/#website\",\"url\":\"https:\/\/webonaamborden.nl\/\",\"name\":\"Webo Naamborden\",\"description\":\"\",\"potentialAction\":[{\"@type\":\"SearchAction\",\"target\":{\"@type\":\"EntryPoint\",\"urlTemplate\":\"https:\/\/webonaamborden.nl\/?s={search_term_string}\"},\"query-input\":{\"@type\":\"PropertyValueSpecification\",\"valueRequired\":true,\"valueName\":\"search_term_string\"}}],\"inLanguage\":\"de\"}]}<\/script>\n<!-- \/ Yoast SEO plugin. -->","yoast_head_json":{"title":"Gravur von Holzschildern und Fassadenschildern - WeBo ist der Spezialist!","description":"Traditionelle h\u00f6lzerne Fassadenschilder f\u00fcr Ihr Schiff, Ihre Yacht oder Ihr Zuhause. Gravur in Teak, Mahagoni oder Eiche mit schwarzen, wei\u00dfen oder goldenen Buchstaben. Auch zur Renovierung","robots":{"index":"index","follow":"follow","max-snippet":"max-snippet:-1","max-image-preview":"max-image-preview:large","max-video-preview":"max-video-preview:-1"},"canonical":"https:\/\/webonaamborden.nl\/","og_locale":"de_DE","og_type":"article","og_title":"Holzschilder und Fassadenschilder","og_description":"WeBo in Den Oever, der Spezialist!","og_url":"https:\/\/webonaamborden.nl\/","og_site_name":"Webo Naamborden","article_modified_time":"2025-12-19T08:53:01+00:00","og_image":[{"width":2560,"height":2031,"url":"https:\/\/webonaamborden.nl\/wp-content\/uploads\/2019\/02\/Webo-etalage-scaled.jpg","type":"image\/jpeg"}],"twitter_card":"summary_large_image","twitter_misc":{"Gesch\u00e4tzte Lesezeit":"1\u00a0Minute"},"schema":{"@context":"https:\/\/schema.org","@graph":[{"@type":"WebPage","@id":"https:\/\/webonaamborden.nl\/","url":"https:\/\/webonaamborden.nl\/","name":"Gravur von Holzschildern und Fassadenschildern - WeBo ist der Spezialist!","isPartOf":{"@id":"https:\/\/webonaamborden.nl\/#website"},"primaryImageOfPage":{"@id":"https:\/\/webonaamborden.nl\/#primaryimage"},"image":{"@id":"https:\/\/webonaamborden.nl\/#primaryimage"},"thumbnailUrl":"https:\/\/webonaamborden.nl\/wp-content\/uploads\/2019\/08\/naambord11.jpg","datePublished":"2020-01-17T10:25:40+00:00","dateModified":"2025-12-19T08:53:01+00:00","description":"Traditionelle h\u00f6lzerne Fassadenschilder f\u00fcr Ihr Schiff, Ihre Yacht oder Ihr Zuhause. Gravur in Teak, Mahagoni oder Eiche mit schwarzen, wei\u00dfen oder goldenen Buchstaben. Auch zur Renovierung","breadcrumb":{"@id":"https:\/\/webonaamborden.nl\/#breadcrumb"},"inLanguage":"de","potentialAction":[{"@type":"ReadAction","target":["https:\/\/webonaamborden.nl\/"]}]},{"@type":"ImageObject","inLanguage":"de","@id":"https:\/\/webonaamborden.nl\/#primaryimage","url":"https:\/\/webonaamborden.nl\/wp-content\/uploads\/2019\/08\/naambord11.jpg","contentUrl":"https:\/\/webonaamborden.nl\/wp-content\/uploads\/2019\/08\/naambord11.jpg"},{"@type":"BreadcrumbList","@id":"https:\/\/webonaamborden.nl\/#breadcrumb","itemListElement":[{"@type":"ListItem","position":1,"name":"Home","item":"https:\/\/webonaamborden.nl\/"},{"@type":"ListItem","position":2,"name":"Der Spezialist f\u00fcr Holzschilder"}]},{"@type":"WebSite","@id":"https:\/\/webonaamborden.nl\/#website","url":"https:\/\/webonaamborden.nl\/","name":"Webo Naamborden","description":"","potentialAction":[{"@type":"SearchAction","target":{"@type":"EntryPoint","urlTemplate":"https:\/\/webonaamborden.nl\/?s={search_term_string}"},"query-input":{"@type":"PropertyValueSpecification","valueRequired":true,"valueName":"search_term_string"}}],"inLanguage":"de"}]}},"_links":{"self":[{"href":"https:\/\/webonaamborden.nl\/de\/wp-json\/wp\/v2\/pages\/1492","targetHints":{"allow":["GET"]}}],"collection":[{"href":"https:\/\/webonaamborden.nl\/de\/wp-json\/wp\/v2\/pages"}],"about":[{"href":"https:\/\/webonaamborden.nl\/de\/wp-json\/wp\/v2\/types\/page"}],"author":[{"embeddable":true,"href":"https:\/\/webonaamborden.nl\/de\/wp-json\/wp\/v2\/users\/2"}],"replies":[{"embeddable":true,"href":"https:\/\/webonaamborden.nl\/de\/wp-json\/wp\/v2\/comments?post=1492"}],"version-history":[{"count":15,"href":"https:\/\/webonaamborden.nl\/de\/wp-json\/wp\/v2\/pages\/1492\/revisions"}],"predecessor-version":[{"id":6484,"href":"https:\/\/webonaamborden.nl\/de\/wp-json\/wp\/v2\/pages\/1492\/revisions\/6484"}],"wp:attachment":[{"href":"https:\/\/webonaamborden.nl\/de\/wp-json\/wp\/v2\/media?parent=1492"}],"curies":[{"name":"wp","href":"https:\/\/api.w.org\/{rel}","templated":true}]}}